{"id":1644,"date":"2017-09-21T15:33:05","date_gmt":"2017-09-21T15:33:05","guid":{"rendered":"http:\/\/www.bodegasderioja.com\/sitemap\/"},"modified":"2017-11-21T15:23:41","modified_gmt":"2017-11-21T15:23:41","slug":"mapa-web","status":"publish","type":"page","link":"https:\/\/bodegasderioja.com\/en\/mapa-web\/","title":{"rendered":"Mapa web"},"content":{"rendered":"<h1>Mapa web<\/h1>\n<div class=\"wsp-container\"><h2 class=\"wsp-pages-title\">Pages<\/h2>\n<ul class=\"wsp-pages-list\">\n<li class=\"page_item page-item-12608\"><a href=\"https:\/\/bodegasderioja.com\/en\/about-us-12608\/\">About us<\/a><\/li>\n<li class=\"page_item page-item-2894\"><a href=\"https:\/\/bodegasderioja.com\/en\/cookies-policy\/\">Cookies policy<\/a><\/li>\n<li class=\"page_item page-item-12578\"><a href=\"https:\/\/bodegasderioja.com\/en\/\">Home<\/a><\/li>\n<li class=\"page_item page-item-3459\"><a href=\"https:\/\/bodegasderioja.com\/en\/legal-notice\/\">Legal notice<\/a><\/li>\n<li class=\"page_item page-item-12620\"><a href=\"https:\/\/bodegasderioja.com\/en\/press-releases\/\">Press releases<\/a><\/li>\n<li class=\"page_item page-item-12580\"><a href=\"https:\/\/bodegasderioja.com\/en\/wineries-and-wines\/\">Wineries<\/a><\/li>\n<li class=\"page_item page-item-12612\"><a href=\"https:\/\/bodegasderioja.com\/en\/winetourism\/\">Winetourism<\/a><\/li>\n<li class=\"page_item page-item-12622\"><a href=\"https:\/\/bodegasderioja.com\/en\/contact\/\">Contact<\/a><\/li>\n<li class=\"page_item page-item-1644\"><a href=\"https:\/\/bodegasderioja.com\/en\/mapa-web\/\">Mapa web<\/a><\/li>\n<li class=\"page_item page-item-2896\"><a href=\"https:\/\/bodegasderioja.com\/en\/privacy-policy\/\">Privacy policy<\/a><\/li>\n<li class=\"page_item page-item-2897\"><a href=\"https:\/\/bodegasderioja.com\/en\/cookies\/\">Cookies<\/a><\/li>\n<\/ul>\n<\/div>\n<div class=\"wsp-container\"><h2 class=\"wsp-bodegas-title\">Bodega<\/h2>\n<ul class=\"wsp-bodegas-list\">\n<li><a href=\"https:\/\/bodegasderioja.com\/en\/winery\/bodegas-pastor\/\">Bodegas Pastor<\/a><\/li>\n<li><a href=\"https:\/\/bodegasderioja.com\/en\/winery\/bodegas-petralanda\/\">Petralanda<\/a><\/li>\n<li><a href=\"https:\/\/bodegasderioja.com\/en\/winery\/palacios-vinos-de-finca\/\">Palacios Vinos de Finca<\/a><\/li>\n<li><a href=\"https:\/\/bodegasderioja.com\/en\/winery\/bodegas-mentoste\/\">Bodegas Mentoste<\/a><\/li>\n<li><a href=\"https:\/\/bodegasderioja.com\/en\/winery\/urbina\/\">Urbina<\/a><\/li>\n<li><a href=\"https:\/\/bodegasderioja.com\/en\/winery\/gr99-wines\/\">GR99 Wines<\/a><\/li>\n<li><a href=\"https:\/\/bodegasderioja.com\/en\/winery\/manael\/\">Manael<\/a><\/li>\n<li><a href=\"https:\/\/bodegasderioja.com\/en\/winery\/heredad-martinez-castillo\/\">Heredad Mart\u00ednez Castillo<\/a><\/li>\n<li><a href=\"https:\/\/bodegasderioja.com\/en\/winery\/heredad-pangua-sodupe\/\">Heredad Pangua Sodupe<\/a><\/li>\n<li><a href=\"https:\/\/bodegasderioja.com\/en\/winery\/betolaza\/\">Betolaza<\/a><\/li>\n<li><a href=\"https:\/\/bodegasderioja.com\/en\/winery\/san-martin-de-abalos\/\">San Mart\u00edn de \u00c1balos<\/a><\/li>\n<li><a href=\"https:\/\/bodegasderioja.com\/en\/winery\/finca-vistahermosa\/\">Finca Vistahermosa<\/a><\/li>\n<li><a href=\"https:\/\/bodegasderioja.com\/en\/winery\/bodegas-fernandez-eguiluz\/\">Bodegas Fern\u00e1ndez Egu\u00edluz<\/a><\/li>\n<li><a href=\"https:\/\/bodegasderioja.com\/en\/winery\/belezos-zugober\/\">Belezos-Zugober<\/a><\/li>\n<li><a href=\"https:\/\/bodegasderioja.com\/en\/winery\/bodegas-diez-del-corral\/\">Bodegas Diez del Corral<\/a><\/li>\n<li><a href=\"https:\/\/bodegasderioja.com\/en\/winery\/bodegas-forcada\/\">Bodegas Forcada<\/a><\/li>\n<li><a href=\"https:\/\/bodegasderioja.com\/en\/winery\/bodegas-quiroga-de-pablo\/\">Bodegas Quiroga de Pablo<\/a><\/li>\n<li><a href=\"https:\/\/bodegasderioja.com\/en\/winery\/temerario-vinos\/\">Temerario Vinos<\/a><\/li>\n<li><a href=\"https:\/\/bodegasderioja.com\/en\/winery\/solana-de-ramirez\/\">Solana de Ram\u00edrez<\/a><\/li>\n<li><a href=\"https:\/\/bodegasderioja.com\/en\/winery\/senorio-de-librares\/\">Se\u00f1or\u00edo de Librares<\/a><\/li>\n<li><a href=\"https:\/\/bodegasderioja.com\/en\/winery\/villota-vina-del-lentisco\/\">Villota. Vi\u00f1a del Lentisco<\/a><\/li>\n<li><a href=\"https:\/\/bodegasderioja.com\/en\/winery\/bodegas-hpm\/\">Bodegas HPM<\/a><\/li>\n<li><a href=\"https:\/\/bodegasderioja.com\/en\/winery\/perez-de-urrecho\/\">P\u00e9rez de Urrecho<\/a><\/li>\n<li><a href=\"https:\/\/bodegasderioja.com\/en\/winery\/13422\/\">Bodegas Am\u00e9zola de la Mora<\/a><\/li>\n<li><a href=\"https:\/\/bodegasderioja.com\/en\/winery\/martinez-palacios\/\">Mart\u00ednez Palacios<\/a><\/li>\n<li><a href=\"https:\/\/bodegasderioja.com\/en\/winery\/bodegas-cialu\/\">Bodegas Cialu<\/a><\/li>\n<li><a href=\"https:\/\/bodegasderioja.com\/en\/winery\/bodegas-las-orcas\/\">Bodegas Las Orcas<\/a><\/li>\n<li><a href=\"https:\/\/bodegasderioja.com\/en\/winery\/j-f-arriezu\/\">J.F. Arriezu<\/a><\/li>\n<li><a href=\"https:\/\/bodegasderioja.com\/en\/winery\/bodegas-alore\/\">Bodegas Alore<\/a><\/li>\n<li><a href=\"https:\/\/bodegasderioja.com\/en\/winery\/bodegas-cantauri\/\">Bodegas Cantauri<\/a><\/li>\n<li><a href=\"https:\/\/bodegasderioja.com\/en\/winery\/7293\/\">Cor de Mei<\/a><\/li>\n<li><a href=\"https:\/\/bodegasderioja.com\/en\/winery\/pago-de-larrea\/\">Pago de Larrea<\/a><\/li>\n<li><a href=\"https:\/\/bodegasderioja.com\/en\/winery\/lauwa\/\">Lauwa<\/a><\/li>\n<li><a href=\"https:\/\/bodegasderioja.com\/en\/winery\/bodegas-mazuela\/\">Bodegas Mazuela<\/a><\/li>\n<li><a href=\"https:\/\/bodegasderioja.com\/en\/winery\/vina-ane-monge-garbati\/\">Vi\u00f1a Ane \"Monge - Garbati\"<\/a><\/li>\n<li><a href=\"https:\/\/bodegasderioja.com\/en\/winery\/bodegas-lecea\/\">Bodegas Lecea<\/a><\/li>\n<li><a href=\"https:\/\/bodegasderioja.com\/en\/winery\/bertavalganon-vinedos-y-vinos\/\">Berta Valga\u00f1\u00f3n Vi\u00f1edos y Vinos<\/a><\/li>\n<li><a href=\"https:\/\/bodegasderioja.com\/en\/winery\/david-moreno\/\">David Moreno<\/a><\/li>\n<li><a href=\"https:\/\/bodegasderioja.com\/en\/winery\/hacienda-grimon\/\">Hacienda Grim\u00f3n<\/a><\/li>\n<li><a href=\"https:\/\/bodegasderioja.com\/en\/winery\/arizcuren\/\">Arizcuren<\/a><\/li>\n<li><a href=\"https:\/\/bodegasderioja.com\/en\/winery\/bodegas-cupani\/\">Bodegas Cupani<\/a><\/li>\n<li><a href=\"https:\/\/bodegasderioja.com\/en\/winery\/bodegas-alvia\/\">Bodegas Alvia<\/a><\/li>\n<li><a href=\"https:\/\/bodegasderioja.com\/en\/winery\/tobelos\/\">Tobelos Bodegas y Vi\u00f1edos<\/a><\/li>\n<li><a href=\"https:\/\/bodegasderioja.com\/en\/winery\/vallemayor\/\">Vallemayor<\/a><\/li>\n<li><a href=\"https:\/\/bodegasderioja.com\/en\/winery\/eduardo-garrido\/\">Eduardo Garrido<\/a><\/li>\n<li><a href=\"https:\/\/bodegasderioja.com\/en\/winery\/finca-la-emperatriz\/\">Hermanos Hern\u00e1iz | Finca La Emperatriz<\/a><\/li>\n<li><a href=\"https:\/\/bodegasderioja.com\/en\/winery\/hacienda-el-ternero\/\">Hacienda El Ternero<\/a><\/li>\n<li><a href=\"https:\/\/bodegasderioja.com\/en\/winery\/vina-ijalba\/\">Vi\u00f1a Ijalba<\/a><\/li>\n<li><a href=\"https:\/\/bodegasderioja.com\/en\/winery\/bodegas-vinedos-eguiluz\/\">Bodegas y Vi\u00f1edos Egu\u00edluz<\/a><\/li>\n<li><a href=\"https:\/\/bodegasderioja.com\/en\/winery\/senorio-de-villarrica\/\">Se\u00f1or\u00edo de Villarrica<\/a><\/li>\n<li><a href=\"https:\/\/bodegasderioja.com\/en\/winery\/saenz-de-santamaria\/\">Sa\u00e9nz de Santamar\u00eda<\/a><\/li>\n<li><a href=\"https:\/\/bodegasderioja.com\/en\/winery\/ruconia\/\">Ruconia<\/a><\/li>\n<li><a href=\"https:\/\/bodegasderioja.com\/en\/winery\/ramirez-de-la-piscina\/\">Ram\u00edrez de la Piscina<\/a><\/li>\n<li><a href=\"https:\/\/bodegasderioja.com\/en\/winery\/pedro-martinez-alesanco\/\">Pedro Mart\u00ednez Alesanco<\/a><\/li>\n<li><a href=\"https:\/\/bodegasderioja.com\/en\/winery\/paco-garcia\/\">Paco Garc\u00eda<\/a><\/li>\n<li><a href=\"https:\/\/bodegasderioja.com\/en\/winery\/ortega-ezquerro\/\">Ortega Ezquerro<\/a><\/li>\n<li><a href=\"https:\/\/bodegasderioja.com\/en\/winery\/navarrsotillo\/\">Navarrsotillo<\/a><\/li>\n<li><a href=\"https:\/\/bodegasderioja.com\/en\/winery\/mayorazgo-zacarias-de-bivian\/\">Mayorazgo Zacar\u00edas de Bivi\u00e1n<\/a><\/li>\n<li><a href=\"https:\/\/bodegasderioja.com\/en\/winery\/leza-garcia\/\">Leza Garc\u00eda Bodegas y Vi\u00f1edos<\/a><\/li>\n<li><a href=\"https:\/\/bodegasderioja.com\/en\/winery\/juan-carlos-sancha\/\">Juan Carlos Sancha<\/a><\/li>\n<li><a href=\"https:\/\/bodegasderioja.com\/en\/winery\/ilurce\/\">Ilurce<\/a><\/li>\n<li><a href=\"https:\/\/bodegasderioja.com\/en\/winery\/heras-cordon\/\">Heras Cord\u00f3n<\/a><\/li>\n<li><a href=\"https:\/\/bodegasderioja.com\/en\/winery\/gerardo-viteri\/\">Gerardo Viteri<\/a><\/li>\n<li><a href=\"https:\/\/bodegasderioja.com\/en\/winery\/florentino-martinez-rubio\/\">Florentino Mart\u00ednez Rubio<\/a><\/li>\n<li><a href=\"https:\/\/bodegasderioja.com\/en\/winery\/finca-de-los-arandinos\/\">Finca de los Arandinos<\/a><\/li>\n<li><a href=\"https:\/\/bodegasderioja.com\/en\/winery\/cesar-del-rio\/\">C\u00e9sar del R\u00edo<\/a><\/li>\n<li><a href=\"https:\/\/bodegasderioja.com\/en\/winery\/castillo-de-mendoza\/\">Castillo de Mendoza<\/a><\/li>\n<li><a href=\"https:\/\/bodegasderioja.com\/en\/winery\/senorio-de-libano\/\">Se\u00f1or\u00edo de L\u00edbano<\/a><\/li>\n<li><a href=\"https:\/\/bodegasderioja.com\/en\/winery\/bodegas-perica\/\">Bodegas Perica<\/a><\/li>\n<li><a href=\"https:\/\/bodegasderioja.com\/en\/winery\/bagordi\/\">Bagordi<\/a><\/li>\n<li><a href=\"https:\/\/bodegasderioja.com\/en\/winery\/abeica\/\">Abeica<\/a><\/li>\n<\/ul>\n<\/div>\n<p>&nbsp;<\/p>\n","protected":false},"excerpt":{"rendered":"<p>Mapa web &nbsp;<\/p>\n","protected":false},"author":13,"featured_media":0,"parent":0,"menu_order":11,"comment_status":"closed","ping_status":"closed","template":"","meta":{"_acf_changed":false,"footnotes":""},"class_list":["post-1644","page","type-page","status-publish","hentry"],"acf":[],"_links":{"self":[{"href":"https:\/\/bodegasderioja.com\/en\/wp-json\/wp\/v2\/pages\/1644"}],"collection":[{"href":"https:\/\/bodegasderioja.com\/en\/wp-json\/wp\/v2\/pages"}],"about":[{"href":"https:\/\/bodegasderioja.com\/en\/wp-json\/wp\/v2\/types\/page"}],"author":[{"embeddable":true,"href":"https:\/\/bodegasderioja.com\/en\/wp-json\/wp\/v2\/users\/13"}],"replies":[{"embeddable":true,"href":"https:\/\/bodegasderioja.com\/en\/wp-json\/wp\/v2\/comments?post=1644"}],"version-history":[{"count":0,"href":"https:\/\/bodegasderioja.com\/en\/wp-json\/wp\/v2\/pages\/1644\/revisions"}],"wp:attachment":[{"href":"https:\/\/bodegasderioja.com\/en\/wp-json\/wp\/v2\/media?parent=1644"}],"curies":[{"name":"wp","href":"https:\/\/api.w.org\/{rel}","templated":true}]}}