{"id":1678,"date":"2017-10-27T07:08:38","date_gmt":"2017-10-27T07:08:38","guid":{"rendered":"http:\/\/www.bodegasderioja.com\/?page_id=1678"},"modified":"2017-11-15T09:41:20","modified_gmt":"2017-11-15T09:41:20","slug":"politica-de-cookies","status":"publish","type":"page","link":"https:\/\/bodegasderioja.com\/es\/politica-de-cookies\/","title":{"rendered":"Pol\u00edtica de cookies"},"content":{"rendered":"<h1>Pol\u00edtica de cookies<\/h1>\n<p>En cumplimiento de la normativa espa\u00f1ola y siguiendo las directrices de la Agencia Espa\u00f1ola de Protecci\u00f3n de Datos procedemos a detallar qu\u00e9 es una cookie, cookies utilizadas en superseguidores.com, el uso de cookies que hace esta, as\u00ed como la forma de desactivarlas.<\/p>\n<p><strong>\u00bfQu\u00e9 es una cookie y qu\u00e9 informaci\u00f3n almacena?<\/strong><\/p>\n<p>Una cookie es un peque\u00f1o fichero de texto que se almacena en su navegador cuando visita casi cualquier p\u00e1gina web. Las cookies se llevan utilizando desde hace 20 a\u00f1os, cuando aparecieron los primeros navegadores Web. Una cookie no es un virus, ni un troyano, ni un gusano, ni spam, ni spyware, ni abre ventanas pop-up.Los datos que guardan las cookies son de car\u00e1cter t\u00e9cnico, preferencias personales, personalizaci\u00f3n de contenidos, estad\u00edsticas de uso, enlaces a redes sociales, acceso a cuentas de usuario, etc. Las cookies no almacenar informaci\u00f3n sensible sobre usted, como tarjetas de cr\u00e9dito o datos bancarios, fotograf\u00edas, su DNI o informaci\u00f3n personal, etc.Su utilidad es que la web sea capaz de recordar su visita cuando vuelva a navegar por esa p\u00e1gina.\u00a0 El objetivo de la cookie es adaptar el contenido de la web a su perfil y necesidades, sin cookies los servicios ofrecidos por cualquier p\u00e1gina se ver\u00edan mermados notablemente.El servidor web no le asocia a usted como persona sino a su navegador web. De hecho, si usted navega habitualmente con Internet Explorer y prueba a navegar por la misma web con Firefox o Chrome ver\u00e1 que la web no se da cuenta que es usted la misma persona porque en realidad est\u00e1 asociando al navegador, no a la persona.<\/p>\n<p><strong>\u00bfQu\u00e9 tipo de cookies utilizamos?<\/strong><\/p>\n<p>En superseguidores.com utilizamos cookies propias y de terceros. Las cookies propias son las generadas por la p\u00e1gina que est\u00e1 visitando y las de terceros son las generadas por servicios o proveedores externos como Facebook, Twitter, Google, etc.Este sitio web utiliza las siguientes cookies propias:<\/p>\n<p>\u2022 Cookies t\u00e9cnicas: Son las m\u00e1s elementales y permiten, entre otras cosas, saber cu\u00e1ndo navega un usuario an\u00f3nimo y uno registrado, preferencias de idioma, as\u00ed como tareas b\u00e1sicas para el funcionamiento de cualquier web din\u00e1mica.<\/p>\n<p>\u2022 Cookies de an\u00e1lisis: Recogen informaci\u00f3n sobre el tipo de navegaci\u00f3n que est\u00e1 realizando, las secciones que m\u00e1s utiliza, post consultados, franja horaria de uso, idioma, etc.<\/p>\n<p>Este sitio web utiliza las siguientes cookies de terceros:<\/p>\n<p>\u2022 Google Analytics: Almacena cookies para poder elaborar estad\u00edsticas sobre el tr\u00e1fico y volumen de visitas de esta web. Al utilizar este sitio web est\u00e1 consintiendo el tratamiento de informaci\u00f3n acerca de usted por Google. Por tanto, el ejercicio de cualquier derecho en este sentido deber\u00e1 hacerlo comunicando directamente con Google. Google almacena las cookies en servidores ubicados en Estados Unidos y se compromete a no compartirla con terceros, excepto en los casos en los que sea necesario para el funcionamiento del sistema o cuando la ley obligue a tal efecto. Google Inc. es una compa\u00f1\u00eda adherida al Acuerdo de Puerto Seguro que garantiza que todos los datos transferidos ser\u00e1n tratados con un nivel de protecci\u00f3n acorde a la normativa europea. Si desea informaci\u00f3n sobre el uso que Google da a las cookies le adjuntamos este otro enlace.M\u00e1s informaci\u00f3n sobre las cookies de Google Analytics e informaci\u00f3n sobre la privacidad.<\/p>\n<p>\u2022 Redes sociales: Cada red social utiliza sus propias cookies para que usted pueda pinchar en botones del tipo Me gusta o Compartir.<\/p>\n<p><strong>\u00bfSe pueden eliminar o desactivar las cookies?<\/strong><\/p>\n<p>S\u00ed. No s\u00f3lo eliminar, tambi\u00e9n bloquear, de forma general o particular para un dominio espec\u00edfico.<\/p>\n<p>Para eliminar las cookies de un sitio web debe ir a la configuraci\u00f3n de su navegador y all\u00ed podr\u00e1 buscar las asociadas al dominio en cuesti\u00f3n y proceder a su eliminaci\u00f3n.<\/p>\n<p>En cualquier momento podr\u00e1 ejercer su derecho de desactivaci\u00f3n o eliminaci\u00f3n de cookies de este sitio web. Estas acciones se realizan de forma diferente en funci\u00f3n del navegador que est\u00e9 usando. Aqu\u00ed le dejamos una gu\u00eda r\u00e1pida para los navegadores m\u00e1s populares.<\/p>\n<p><strong>\u00bfQu\u00e9 ocurre si desactivo las cookies?<\/strong><\/p>\n<p>Para que entienda el alcance que puede tener desactivar las cookies le mostramos unos ejemplos:\u2022 No podr\u00e1 compartir contenidos de esa web en Facebook, Twitter o cualquier otra red social, todas las redes sociales usan cookies\u2022 No ser\u00e1 posible personalizar sus preferencias geogr\u00e1ficas como franja horaria, o idioma.<\/p>\n<p>\u2022 El sitio superseguidores.com no podr\u00e1 realizar anal\u00edticas web sobre visitantes y tr\u00e1fico en la web, lo que dificultar\u00e1 que la web pueda optimizar sus contenidos de cara ofrecerles la informaci\u00f3n que le sea m\u00e1s interesante.<\/p>\n<p><strong>Notas adicionales<\/strong><\/p>\n<p>\u2022 Los navegadores web son las herramientas encargadas de almacenar las cookies y desde este lugar debe efectuar su derecho a eliminaci\u00f3n o desactivaci\u00f3n de las mismas. Ni esta web ni sus representantes legales pueden garantizar la correcta o incorrecta manipulaci\u00f3n de las cookies por parte de los mencionados navegadores.<\/p>\n<p>\u2022 En algunos casos es necesario instalar cookies para que el navegador no olvide su decisi\u00f3n de no aceptaci\u00f3n de las mismas.\u2022 Ni esta web ni sus representantes legales se hacen responsables ni del contenido ni de la veracidad de las pol\u00edticas de privacidad que puedan tener los terceros mencionados en esta pol\u00edtica de cookies.<\/p>\n<p>\u2022 Para cualquier duda o consulta acerca de esta pol\u00edtica de cookies no dude en comunicarse con nosotros a trav\u00e9s de la secci\u00f3n de contacto.<\/p>\n<p><strong>Configuraci\u00f3n de cookies en los navegadores m\u00e1s utilizados<\/strong><\/p>\n<p>Para acceder a la configuraci\u00f3n de cookies del navegador <strong>Firefox<\/strong> siga estos pasos (pueden variar en funci\u00f3n de la versi\u00f3n del navegador):<\/p>\n<p>1. Vaya a Opciones o Preferencias seg\u00fan su sistema operativo.<\/p>\n<p>2. Haga click en Privacidad.<\/p>\n<p>3. En Historial elija Usar una configuraci\u00f3n personalizada para el historial.<\/p>\n<p>4. Ahora ver\u00e1 la opci\u00f3n Aceptar cookies, puede activarla o desactivarla seg\u00fan sus preferencias.A continuaci\u00f3n le indicamos c\u00f3mo acceder a una cookie determinada del navegador <strong>Chrome<\/strong>.<\/p>\n<p>Nota: estos pasos pueden variar en funci\u00f3n de la versi\u00f3n del navegador:<\/p>\n<p>1. Vaya a Configuraci\u00f3n o Preferencias mediante el men\u00fa Archivo o bien pinchando el icono de personalizaci\u00f3n que aparece arriba a la derecha.<\/p>\n<p>2. Ver\u00e1 diferentes secciones, pinche la opci\u00f3n Mostrar opciones avanzadas.<\/p>\n<p>3. Vaya a Privacidad, Configuraci\u00f3n de contenido.<\/p>\n<p>4. Seleccione Todas las cookies y los datos de sitios.<\/p>\n<p>5. Aparecer\u00e1 un listado con todas las cookies ordenadas por dominio. Para que le sea m\u00e1s f\u00e1cil encontrar las cookies de un determinado dominio introduzca parcial o totalmente la direcci\u00f3n en el campo Buscar cookies.<\/p>\n<p>6. Tras realizar este filtro aparecer\u00e1n en pantalla una o varias l\u00edneas con las cookies de la web solicitada. Ahora s\u00f3lo tiene que seleccionarla y pulsar la X para proceder a su eliminaci\u00f3n.<\/p>\n<p>Para acceder a la configuraci\u00f3n de cookies del navegador <strong>Internet Explorer<\/strong> siga estos pasos (pueden variar en funci\u00f3n de la versi\u00f3n del navegador):<\/p>\n<p>1. Vaya a Herramientas, Opciones de Internet<\/p>\n<p>2. Haga click en Privacidad.<\/p>\n<p>3. Mueva el deslizador hasta ajustar el nivel de privacidad que desee.<\/p>\n<p>Para acceder a la configuraci\u00f3n de cookies del navegador <strong>Safari para OSX<\/strong> siga estos pasos (pueden variar en funci\u00f3n de la versi\u00f3n del navegador):<\/p>\n<p>1. Vaya a Preferencias, luego Privacidad.<\/p>\n<p>2. En este lugar ver\u00e1 la opci\u00f3n Bloquear cookies para que ajuste el tipo de bloqueo que desea realizar.<\/p>\n<p>Para acceder a la configuraci\u00f3n de cookies del navegador <strong>Safari para iOS<\/strong> siga estos pasos (pueden variar en funci\u00f3n de la versi\u00f3n del navegador):<\/p>\n<p>1. Vaya a Ajustes, luego Safari.<\/p>\n<p>2. Vaya a Privacidad y Seguridad, ver\u00e1 la opci\u00f3n Bloquear cookies para que ajuste el tipo de bloqueo que desea realizar.<\/p>\n<p>Para acceder a la configuraci\u00f3n de cookies del navegador para dispositivos <strong>Android<\/strong> siga estos pasos (pueden variar en funci\u00f3n de la versi\u00f3n del navegador):<\/p>\n<p>1. Ejecute el navegador y pulse la tecla Men\u00fa, luego Ajustes.<\/p>\n<p>2. Vaya a Seguridad y Privacidad, ver\u00e1 la opci\u00f3n Aceptar cookies para que active o desactive la casilla.<\/p>\n<p>Para acceder a la configuraci\u00f3n de cookies del navegador para dispositivos <strong>Windows Phone<\/strong> siga estos pasos (pueden variar en funci\u00f3n de la versi\u00f3n del navegador):<\/p>\n<p>1. Abra Internet Explorer, luego M\u00e1s, luego Configuraci\u00f3n2. Ahora puede activar o desactivar la casilla Permitir cookies.<\/p>\n","protected":false},"excerpt":{"rendered":"<p>Pol\u00edtica de cookies En cumplimiento de la normativa espa\u00f1ola y siguiendo las directrices de la Agencia Espa\u00f1ola de Protecci\u00f3n de Datos procedemos a detallar qu\u00e9 es una cookie, cookies utilizadas en superseguidores.com, el uso de cookies que hace esta, as\u00ed como la forma de desactivarlas. \u00bfQu\u00e9 es una cookie y qu\u00e9 informaci\u00f3n almacena? Una cookie es un peque\u00f1o fichero de texto que se almacena en su navegador cuando visita casi cualquier p\u00e1gina web. Las cookies se llevan utilizando desde hace 20 a\u00f1os, cuando aparecieron los primeros navegadores Web. Una cookie no es un virus, ni un troyano, ni un gusano, ni spam, ni spyware, ni abre ventanas pop-up.Los datos que guardan las cookies son de car\u00e1cter t\u00e9cnico, preferencias personales, personalizaci\u00f3n de contenidos, estad\u00edsticas de uso, enlaces a redes sociales, acceso a cuentas de usuario, etc. Las cookies no almacenar informaci\u00f3n sensible sobre usted, como tarjetas de cr\u00e9dito o datos bancarios, fotograf\u00edas, su DNI o informaci\u00f3n personal, etc.Su utilidad es que la web sea capaz de recordar su visita cuando vuelva a navegar por esa p\u00e1gina.\u00a0 El objetivo de la cookie es adaptar el contenido de la web a su perfil y necesidades, sin cookies los servicios ofrecidos por cualquier p\u00e1gina<span class=\"excerpt-hellip\"> [\u2026]<\/span><\/p>\n","protected":false},"author":13,"featured_media":0,"parent":0,"menu_order":0,"comment_status":"closed","ping_status":"closed","template":"","meta":{"_acf_changed":false,"footnotes":""},"class_list":["post-1678","page","type-page","status-publish","hentry"],"acf":[],"_links":{"self":[{"href":"https:\/\/bodegasderioja.com\/es\/wp-json\/wp\/v2\/pages\/1678"}],"collection":[{"href":"https:\/\/bodegasderioja.com\/es\/wp-json\/wp\/v2\/pages"}],"about":[{"href":"https:\/\/bodegasderioja.com\/es\/wp-json\/wp\/v2\/types\/page"}],"author":[{"embeddable":true,"href":"https:\/\/bodegasderioja.com\/es\/wp-json\/wp\/v2\/users\/13"}],"replies":[{"embeddable":true,"href":"https:\/\/bodegasderioja.com\/es\/wp-json\/wp\/v2\/comments?post=1678"}],"version-history":[{"count":0,"href":"https:\/\/bodegasderioja.com\/es\/wp-json\/wp\/v2\/pages\/1678\/revisions"}],"wp:attachment":[{"href":"https:\/\/bodegasderioja.com\/es\/wp-json\/wp\/v2\/media?parent=1678"}],"curies":[{"name":"wp","href":"https:\/\/api.w.org\/{rel}","templated":true}]}}