{"id":476,"date":"2017-09-21T15:32:18","date_gmt":"2017-09-21T15:32:18","guid":{"rendered":"http:\/\/www.bodegasderioja.com\/?page_id=476"},"modified":"2024-10-14T14:56:41","modified_gmt":"2024-10-14T12:56:41","slug":"contacto","status":"publish","type":"page","link":"https:\/\/bodegasderioja.com\/es\/contacto\/","title":{"rendered":"Contacto"},"content":{"rendered":"<h1>UBICACI\u00d3N Y CONTACTO<\/h1>\n<hr \/>\n<p style=\"margin-top: 10px; font-size: 15px;\">941 28 67 55<\/p>\n<hr \/>\n<p style=\"font-size: 15px; margin-top: 10px;\">Calle Hermanos Moroy, 1, 26001 Logro\u00f1o, La Rioja.<\/p>\n<hr \/>\n<p><iframe src=\"https:\/\/maps.google.com\/maps?q=Calle%20Hermanos%20Moroy%2C%201%2C%2026001%20Logro%C3%B1o%2C%20La%20Rioja&amp;t=m&amp;z=13&amp;output=embed&amp;iwloc=near\" frameborder=\"0\" marginwidth=\"0\" marginheight=\"0\" scrolling=\"no\"><\/iframe><\/p>\n<h2>Env\u00edanos tu consulta a trav\u00e9s del formulario de contacto<\/h2>\n\n<div class=\"wpcf7 no-js\" id=\"wpcf7-f4-o1\" lang=\"es-ES\" dir=\"ltr\" data-wpcf7-id=\"4\">\n<div class=\"screen-reader-response\"><p role=\"status\" aria-live=\"polite\" aria-atomic=\"true\"><\/p> <ul><\/ul><\/div>\n<form action=\"\/es\/wp-json\/wp\/v2\/pages\/476#wpcf7-f4-o1\" method=\"post\" class=\"wpcf7-form init wpcf7-acceptance-as-validation\" aria-label=\"Formulario de contacto\" novalidate=\"novalidate\" data-status=\"init\">\n<div style=\"display: none;\">\n<input type=\"hidden\" name=\"_wpcf7\" value=\"4\" \/>\n<input type=\"hidden\" name=\"_wpcf7_version\" value=\"6.0.1\" \/>\n<input type=\"hidden\" name=\"_wpcf7_locale\" value=\"es_ES\" \/>\n<input type=\"hidden\" name=\"_wpcf7_unit_tag\" value=\"wpcf7-f4-o1\" \/>\n<input type=\"hidden\" name=\"_wpcf7_container_post\" value=\"0\" \/>\n<input type=\"hidden\" name=\"_wpcf7_posted_data_hash\" value=\"\" \/>\n<\/div>\n<p>Nombre (obligatorio)\n<\/p>\n<p><span class=\"wpcf7-form-control-wrap\" data-name=\"nombre\"><input size=\"40\" maxlength=\"400\" class=\"wpcf7-form-control wpcf7-text wpcf7-validates-as-required\" aria-required=\"true\" aria-invalid=\"false\" placeholder=\"Escribe aqu\u00ed tu nombre\" value=\"\" type=\"text\" name=\"nombre\" \/><\/span>\n<\/p>\n<p>Correo electr\u00f3nico (obligatorio)\n<\/p>\n<p><span class=\"wpcf7-form-control-wrap\" data-name=\"email\"><input size=\"40\" maxlength=\"400\" class=\"wpcf7-form-control wpcf7-email wpcf7-validates-as-required wpcf7-text wpcf7-validates-as-email\" aria-required=\"true\" aria-invalid=\"false\" placeholder=\"Escribe aqu\u00ed tu correo electr\u00f3nico\" value=\"\" type=\"email\" name=\"email\" \/><\/span>\n<\/p>\n<p>Mensaje (obligatorio)\n<\/p>\n<p><span class=\"wpcf7-form-control-wrap\" data-name=\"mensaje\"><textarea cols=\"40\" rows=\"10\" maxlength=\"2000\" class=\"wpcf7-form-control wpcf7-textarea wpcf7-validates-as-required\" aria-required=\"true\" aria-invalid=\"false\" placeholder=\"\u00bfEn qu\u00e9 podemos ayudarte?\" name=\"mensaje\"><\/textarea><\/span>\n<\/p>\n<p><span class=\"wpcf7-form-control-wrap\" data-name=\"acceptance-235\"><span class=\"wpcf7-form-control wpcf7-acceptance\"><span class=\"wpcf7-list-item\"><input type=\"checkbox\" name=\"acceptance-235\" value=\"1\" aria-invalid=\"false\" \/><\/span><\/span><\/span> Acepto las <a href=\"http:\/\/www.bodegasderioja.com\/es\/aviso-legal\/\" target=\"blank\" rel=\"nofollow\">cl\u00e1usulas sobre protecci\u00f3n de datos (pinche aqu\u00ed para leerlas)<\/a>\n<\/p>\n<p class=\"btn btn-normal btn-md\" style=\"float:right;margin-top:20px;background: #ffffff00;font-size: 18px;\"><input class=\"wpcf7-form-control wpcf7-submit has-spinner\" type=\"submit\" value=\"Enviar\" \/>\n<\/p><div class=\"wpcf7-response-output\" aria-hidden=\"true\"><\/div>\n<\/form>\n<\/div>\n\n","protected":false},"excerpt":{"rendered":"<p>UBICACI\u00d3N Y CONTACTO 941 28 67 55 Calle Hermanos Moroy, 1, 26001 Logro\u00f1o, La Rioja. Env\u00edanos tu consulta a trav\u00e9s del formulario de contacto<\/p>\n","protected":false},"author":13,"featured_media":0,"parent":0,"menu_order":10,"comment_status":"closed","ping_status":"closed","template":"","meta":{"_acf_changed":false,"footnotes":""},"class_list":["post-476","page","type-page","status-publish","hentry"],"acf":[],"_links":{"self":[{"href":"https:\/\/bodegasderioja.com\/es\/wp-json\/wp\/v2\/pages\/476"}],"collection":[{"href":"https:\/\/bodegasderioja.com\/es\/wp-json\/wp\/v2\/pages"}],"about":[{"href":"https:\/\/bodegasderioja.com\/es\/wp-json\/wp\/v2\/types\/page"}],"author":[{"embeddable":true,"href":"https:\/\/bodegasderioja.com\/es\/wp-json\/wp\/v2\/users\/13"}],"replies":[{"embeddable":true,"href":"https:\/\/bodegasderioja.com\/es\/wp-json\/wp\/v2\/comments?post=476"}],"version-history":[{"count":2,"href":"https:\/\/bodegasderioja.com\/es\/wp-json\/wp\/v2\/pages\/476\/revisions"}],"predecessor-version":[{"id":12483,"href":"https:\/\/bodegasderioja.com\/es\/wp-json\/wp\/v2\/pages\/476\/revisions\/12483"}],"wp:attachment":[{"href":"https:\/\/bodegasderioja.com\/es\/wp-json\/wp\/v2\/media?parent=476"}],"curies":[{"name":"wp","href":"https:\/\/api.w.org\/{rel}","templated":true}]}}