{"id":478,"date":"2017-09-21T15:33:05","date_gmt":"2017-09-21T15:33:05","guid":{"rendered":"http:\/\/www.bodegasderioja.com\/?page_id=478"},"modified":"2017-11-16T10:44:26","modified_gmt":"2017-11-16T10:44:26","slug":"mapa-web","status":"publish","type":"page","link":"https:\/\/bodegasderioja.com\/es\/mapa-web\/","title":{"rendered":"Mapa web"},"content":{"rendered":"<h1>Mapa web<\/h1>\n<div class=\"wsp-container\"><h2 class=\"wsp-pages-title\">P\u00e1ginas<\/h2>\n<ul class=\"wsp-pages-list\">\n<li class=\"page_item page-item-1676\"><a href=\"https:\/\/bodegasderioja.com\/es\/aviso-legal\/\">Aviso legal<\/a><\/li>\n<li class=\"page_item page-item-14\"><a href=\"https:\/\/bodegasderioja.com\/es\/bodegas-elige-tu-vino\/\">Bodegas<\/a><\/li>\n<li class=\"page_item page-item-4803\"><a href=\"https:\/\/bodegasderioja.com\/es\/descargas\/\">Descargas<\/a><\/li>\n<li class=\"page_item page-item-3699\"><a href=\"https:\/\/bodegasderioja.com\/es\/rutas-enoturismo\/\">Enoturismo<\/a><\/li>\n<li class=\"page_item page-item-12655\"><a href=\"https:\/\/bodegasderioja.com\/es\/galeria\/\">Galer\u00eda<\/a><\/li>\n<li class=\"page_item page-item-6\"><a href=\"https:\/\/bodegasderioja.com\/es\/\">Inicio<\/a><\/li>\n<li class=\"page_item page-item-17\"><a href=\"https:\/\/bodegasderioja.com\/es\/notas-de-prensa\/\">Notas de prensa<\/a><\/li>\n<li class=\"page_item page-item-1678\"><a href=\"https:\/\/bodegasderioja.com\/es\/politica-de-cookies\/\">Pol\u00edtica de cookies<\/a><\/li>\n<li class=\"page_item page-item-12\"><a href=\"https:\/\/bodegasderioja.com\/es\/quienes-somos\/\">Qui\u00e9nes Somos<\/a><\/li>\n<li class=\"page_item page-item-476\"><a href=\"https:\/\/bodegasderioja.com\/es\/contacto\/\">Contacto<\/a><\/li>\n<li class=\"page_item page-item-478\"><a href=\"https:\/\/bodegasderioja.com\/es\/mapa-web\/\">Mapa web<\/a><\/li>\n<li class=\"page_item page-item-12637\"><a href=\"https:\/\/bodegasderioja.com\/es\/accesibilidad-12637\/\">Accesibilidad<\/a><\/li>\n<li class=\"page_item page-item-480\"><a href=\"https:\/\/bodegasderioja.com\/es\/politica-de-privacidad\/\">Pol\u00edtica de privacidad<\/a><\/li>\n<li class=\"page_item page-item-482\"><a href=\"https:\/\/bodegasderioja.com\/es\/cookies\/\">Cookies<\/a><\/li>\n<\/ul>\n<\/div>\n<div class=\"wsp-container\"><h2 class=\"wsp-bodegas-title\">Bodega<\/h2>\n<ul class=\"wsp-bodegas-list\">\n<li><a href=\"https:\/\/bodegasderioja.com\/es\/bodega\/bodegas-pastor\/\">Bodegas Pastor<\/a><\/li>\n<li><a href=\"https:\/\/bodegasderioja.com\/es\/bodega\/bodegas-petralanda\/\">Petralanda<\/a><\/li>\n<li><a href=\"https:\/\/bodegasderioja.com\/es\/bodega\/palacios-vinos-de-finca\/\">Palacios Vinos de Finca<\/a><\/li>\n<li><a href=\"https:\/\/bodegasderioja.com\/es\/bodega\/bodegas-mentoste\/\">Bodegas Mentoste<\/a><\/li>\n<li><a href=\"https:\/\/bodegasderioja.com\/es\/bodega\/bodegas-urbina\/\">Urbina<\/a><\/li>\n<li><a href=\"https:\/\/bodegasderioja.com\/es\/bodega\/gr99-wines\/\">GR99 Wines<\/a><\/li>\n<li><a href=\"https:\/\/bodegasderioja.com\/es\/bodega\/manael\/\">Manael<\/a><\/li>\n<li><a href=\"https:\/\/bodegasderioja.com\/es\/bodega\/heredad-martinez-castillo\/\">Heredad Mart\u00ednez Castillo<\/a><\/li>\n<li><a href=\"https:\/\/bodegasderioja.com\/es\/bodega\/heredad-pangua-sodupe\/\">Heredad Pangua Sodupe<\/a><\/li>\n<li><a href=\"https:\/\/bodegasderioja.com\/es\/bodega\/betolaza\/\">Betolaza<\/a><\/li>\n<li><a href=\"https:\/\/bodegasderioja.com\/es\/bodega\/san-martin-de-abalos\/\">San Mart\u00edn de \u00c1balos<\/a><\/li>\n<li><a href=\"https:\/\/bodegasderioja.com\/es\/bodega\/finca-vistahermosa\/\">Finca Vistahermosa<\/a><\/li>\n<li><a href=\"https:\/\/bodegasderioja.com\/es\/bodega\/bodegas-fernandez-eguiluz\/\">Bodegas Fern\u00e1ndez Egu\u00edluz<\/a><\/li>\n<li><a href=\"https:\/\/bodegasderioja.com\/es\/bodega\/belezos-zugober\/\">Belezos-Zugober<\/a><\/li>\n<li><a href=\"https:\/\/bodegasderioja.com\/es\/bodega\/bodegas-diez-del-corral\/\">Bodegas Diez del Corral<\/a><\/li>\n<li><a href=\"https:\/\/bodegasderioja.com\/es\/bodega\/bodegas-forcada\/\">Bodegas Forcada<\/a><\/li>\n<li><a href=\"https:\/\/bodegasderioja.com\/es\/bodega\/bodegas-quiroga-de-pablo\/\">Bodegas Quiroga de Pablo<\/a><\/li>\n<li><a href=\"https:\/\/bodegasderioja.com\/es\/bodega\/temerario-vinos\/\">Temerario Vinos<\/a><\/li>\n<li><a href=\"https:\/\/bodegasderioja.com\/es\/bodega\/solana-de-ramirez\/\">Solana de Ram\u00edrez<\/a><\/li>\n<li><a href=\"https:\/\/bodegasderioja.com\/es\/bodega\/senorio-de-librares\/\">Se\u00f1or\u00edo de Librares<\/a><\/li>\n<li><a href=\"https:\/\/bodegasderioja.com\/es\/bodega\/bodegas-hpm\/\">Bodegas HPM<\/a><\/li>\n<li><a href=\"https:\/\/bodegasderioja.com\/es\/bodega\/villota\/\">Villota. Vi\u00f1a del Lentisco<\/a><\/li>\n<li><a href=\"https:\/\/bodegasderioja.com\/es\/bodega\/perez-de-urrecho\/\">P\u00e9rez de Urrecho<\/a><\/li>\n<li><a href=\"https:\/\/bodegasderioja.com\/es\/bodega\/bodegas-amezola-de-la-mora\/\">Bodegas Am\u00e9zola de la Mora<\/a><\/li>\n<li><a href=\"https:\/\/bodegasderioja.com\/es\/bodega\/martinez-palacios\/\">Mart\u00ednez Palacios<\/a><\/li>\n<li><a href=\"https:\/\/bodegasderioja.com\/es\/bodega\/bodegas-cialu\/\">Bodegas Cialu<\/a><\/li>\n<li><a href=\"https:\/\/bodegasderioja.com\/es\/bodega\/bodegas-las-orcas\/\">Las Orcas<\/a><\/li>\n<li><a href=\"https:\/\/bodegasderioja.com\/es\/bodega\/j-f-arriezu\/\">J.F. Arriezu<\/a><\/li>\n<li><a href=\"https:\/\/bodegasderioja.com\/es\/bodega\/bodegas-alore\/\">Bodegas Alore<\/a><\/li>\n<li><a href=\"https:\/\/bodegasderioja.com\/es\/bodega\/cantauri\/\">Bodegas Cantauri<\/a><\/li>\n<li><a href=\"https:\/\/bodegasderioja.com\/es\/bodega\/7268\/\">Cor de Mei<\/a><\/li>\n<li><a href=\"https:\/\/bodegasderioja.com\/es\/bodega\/pago-de-larrea\/\">Pago de Larrea<\/a><\/li>\n<li><a href=\"https:\/\/bodegasderioja.com\/es\/bodega\/lauwa\/\">Lauwa<\/a><\/li>\n<li><a href=\"https:\/\/bodegasderioja.com\/es\/bodega\/bodegas-mazuela\/\">Bodegas Mazuela<\/a><\/li>\n<li><a href=\"https:\/\/bodegasderioja.com\/es\/bodega\/vina-ane-monge-garbati\/\">Vi\u00f1a Ane \"Monge - Garbati\"<\/a><\/li>\n<li><a href=\"https:\/\/bodegasderioja.com\/es\/bodega\/bodegas-lecea\/\">Bodegas Lecea<\/a><\/li>\n<li><a href=\"https:\/\/bodegasderioja.com\/es\/bodega\/bertavalganon-vinedos-y-vinos\/\">Berta Valga\u00f1\u00f3n Vi\u00f1edos y Vinos<\/a><\/li>\n<li><a href=\"https:\/\/bodegasderioja.com\/es\/bodega\/david-moreno\/\">David Moreno<\/a><\/li>\n<li><a href=\"https:\/\/bodegasderioja.com\/es\/bodega\/hacienda-grimon\/\">Hacienda Grim\u00f3n<\/a><\/li>\n<li><a href=\"https:\/\/bodegasderioja.com\/es\/bodega\/arizcuren\/\">Arizcuren<\/a><\/li>\n<li><a href=\"https:\/\/bodegasderioja.com\/es\/bodega\/bodegas-cupani\/\">Bodegas Cupani<\/a><\/li>\n<li><a href=\"https:\/\/bodegasderioja.com\/es\/bodega\/bodegas-alvia\/\">Bodegas Alvia<\/a><\/li>\n<li><a href=\"https:\/\/bodegasderioja.com\/es\/bodega\/tobelos\/\">Tobelos Bodegas y Vi\u00f1edos<\/a><\/li>\n<li><a href=\"https:\/\/bodegasderioja.com\/es\/bodega\/vallemayor\/\">Vallemayor<\/a><\/li>\n<li><a href=\"https:\/\/bodegasderioja.com\/es\/bodega\/eduardo-garrido\/\">Eduardo Garrido<\/a><\/li>\n<li><a href=\"https:\/\/bodegasderioja.com\/es\/bodega\/finca-la-emperatriz\/\">Hermanos Hern\u00e1iz | Finca La Emperatriz<\/a><\/li>\n<li><a href=\"https:\/\/bodegasderioja.com\/es\/bodega\/hacienda-el-ternero\/\">Hacienda El Ternero<\/a><\/li>\n<li><a href=\"https:\/\/bodegasderioja.com\/es\/bodega\/vina-ijalba\/\">Vi\u00f1a Ijalba<\/a><\/li>\n<li><a href=\"https:\/\/bodegasderioja.com\/es\/bodega\/bodegas-vinedos-eguiluz\/\">Bodegas y Vi\u00f1edos Egu\u00edluz<\/a><\/li>\n<li><a href=\"https:\/\/bodegasderioja.com\/es\/bodega\/senorio-de-villarrica\/\">Se\u00f1or\u00edo de Villarrica<\/a><\/li>\n<li><a href=\"https:\/\/bodegasderioja.com\/es\/bodega\/saenz-de-santamaria\/\">Sa\u00e9nz de Santamar\u00eda<\/a><\/li>\n<li><a href=\"https:\/\/bodegasderioja.com\/es\/bodega\/ruconia\/\">Ruconia<\/a><\/li>\n<li><a href=\"https:\/\/bodegasderioja.com\/es\/bodega\/ramirez-de-la-piscina\/\">Ram\u00edrez de la Piscina<\/a><\/li>\n<li><a href=\"https:\/\/bodegasderioja.com\/es\/bodega\/pedro-martinez-alesanco\/\">Pedro Mart\u00ednez Alesanco<\/a><\/li>\n<li><a href=\"https:\/\/bodegasderioja.com\/es\/bodega\/paco-garcia\/\">Paco Garc\u00eda<\/a><\/li>\n<li><a href=\"https:\/\/bodegasderioja.com\/es\/bodega\/ortega-ezquerro\/\">Ortega Ezquerro<\/a><\/li>\n<li><a href=\"https:\/\/bodegasderioja.com\/es\/bodega\/navarrsotillo\/\">Navarrsotillo<\/a><\/li>\n<li><a href=\"https:\/\/bodegasderioja.com\/es\/bodega\/mayorazgo-zacarias-de-bivian\/\">Mayorazgo Zacar\u00edas de Bivi\u00e1n<\/a><\/li>\n<li><a href=\"https:\/\/bodegasderioja.com\/es\/bodega\/leza-garcia\/\">Leza Garc\u00eda Bodegas y Vi\u00f1edos<\/a><\/li>\n<li><a href=\"https:\/\/bodegasderioja.com\/es\/bodega\/juan-carlos-sancha\/\">Juan Carlos Sancha<\/a><\/li>\n<li><a href=\"https:\/\/bodegasderioja.com\/es\/bodega\/ilurce\/\">Ilurce<\/a><\/li>\n<li><a href=\"https:\/\/bodegasderioja.com\/es\/bodega\/heras-cordon\/\">Heras Cord\u00f3n<\/a><\/li>\n<li><a href=\"https:\/\/bodegasderioja.com\/es\/bodega\/gerardo-viteri\/\">Gerardo Viteri<\/a><\/li>\n<li><a href=\"https:\/\/bodegasderioja.com\/es\/bodega\/florentino-martinez-rubio\/\">Florentino Mart\u00ednez Rubio<\/a><\/li>\n<li><a href=\"https:\/\/bodegasderioja.com\/es\/bodega\/finca-de-los-arandinos\/\">Finca de los Arandinos<\/a><\/li>\n<li><a href=\"https:\/\/bodegasderioja.com\/es\/bodega\/cesar-del-rio\/\">C\u00e9sar del R\u00edo<\/a><\/li>\n<li><a href=\"https:\/\/bodegasderioja.com\/es\/bodega\/castillo-de-mendoza\/\">Castillo de Mendoza<\/a><\/li>\n<li><a href=\"https:\/\/bodegasderioja.com\/es\/bodega\/senorio-de-libano\/\">Se\u00f1or\u00edo de L\u00edbano<\/a><\/li>\n<li><a href=\"https:\/\/bodegasderioja.com\/es\/bodega\/bodegas-perica\/\">Bodegas Perica<\/a><\/li>\n<li><a href=\"https:\/\/bodegasderioja.com\/es\/bodega\/bagordi\/\">Bagordi<\/a><\/li>\n<li><a href=\"https:\/\/bodegasderioja.com\/es\/bodega\/abeica\/\">Abeica<\/a><\/li>\n<\/ul>\n<\/div>\n<p>&nbsp;<\/p>\n","protected":false},"excerpt":{"rendered":"<p>Mapa web &nbsp;<\/p>\n","protected":false},"author":13,"featured_media":0,"parent":0,"menu_order":11,"comment_status":"closed","ping_status":"closed","template":"","meta":{"_acf_changed":false,"footnotes":""},"class_list":["post-478","page","type-page","status-publish","hentry"],"acf":[],"_links":{"self":[{"href":"https:\/\/bodegasderioja.com\/es\/wp-json\/wp\/v2\/pages\/478"}],"collection":[{"href":"https:\/\/bodegasderioja.com\/es\/wp-json\/wp\/v2\/pages"}],"about":[{"href":"https:\/\/bodegasderioja.com\/es\/wp-json\/wp\/v2\/types\/page"}],"author":[{"embeddable":true,"href":"https:\/\/bodegasderioja.com\/es\/wp-json\/wp\/v2\/users\/13"}],"replies":[{"embeddable":true,"href":"https:\/\/bodegasderioja.com\/es\/wp-json\/wp\/v2\/comments?post=478"}],"version-history":[{"count":0,"href":"https:\/\/bodegasderioja.com\/es\/wp-json\/wp\/v2\/pages\/478\/revisions"}],"wp:attachment":[{"href":"https:\/\/bodegasderioja.com\/es\/wp-json\/wp\/v2\/media?parent=478"}],"curies":[{"name":"wp","href":"https:\/\/api.w.org\/{rel}","templated":true}]}}