{"id":480,"date":"2017-09-21T15:33:29","date_gmt":"2017-09-21T15:33:29","guid":{"rendered":"http:\/\/www.bodegasderioja.com\/?page_id=480"},"modified":"2018-02-02T11:27:28","modified_gmt":"2018-02-02T11:27:28","slug":"politica-de-privacidad","status":"publish","type":"page","link":"https:\/\/bodegasderioja.com\/es\/politica-de-privacidad\/","title":{"rendered":"Pol\u00edtica de privacidad"},"content":{"rendered":"<h4>Clausulas<\/h4>\n<p>Todos los derechos de propiedad industrial e intelectual del sitio <u>web<\/u>\u00a0<a href=\"http:\/\/WWW.BODEGASFAMILIARESDERIOJA.COM\">WWW.BODEGASFAMILIARESDERIOJA.COM<\/a> \u00a0y de sus contenidos (textos, im\u00e1genes, sonidos, audio, v\u00eddeo, dise\u00f1os, creatividades, software) pertenecen a la Asociaci\u00f3n para la Revitalizaci\u00f3n del Bilbao y no constituyen una fuente accesible al p\u00fablico dentro del \u00e1mbito de aplicaci\u00f3n del tratamiento de datos de car\u00e1cter personal.<\/p>\n<p>Garant\u00eda de protecci\u00f3n de datos personales<\/p>\n<p><strong>BODEGAS FAMILIARES DE RIOJA<\/strong> asegura la m\u00e1s estricta confidencialidad en la recogida y tratamiento de los datos facilitados por sus usuarios. As\u00ed mismo se han adoptado los niveles de seguridad de protecci\u00f3n de los datos personales legalmente requeridos, y se han instalado todos los medios y medidas t\u00e9cnicas a su alcance para evitar la p\u00e9rdida, mal uso, alteraci\u00f3n, acceso no autorizado y robo de los datos personales facilitados.<\/p>\n<p>Los datos personales recogidos ser\u00e1n objeto de tratamiento automatizado e incorporados a los correspondientes ficheros automatizados por <strong>BODEGAS FAMILIARES DE RIOJA<\/strong>. Los datos facilitados ser\u00e1n empleados \u00fanicamente para las finalidades descritas en el propio formulario de suscripci\u00f3n.<\/p>\n<p>En cumplimiento de lo dispuesto en la Ley Org\u00e1nica 15\/99 del 13 de diciembre de 1999 sobre Protecci\u00f3n de Datos de Car\u00e1cter Personal (LOPD), la persona puede en todo momento ejercitar los derechos de acceso, rectificaci\u00f3n, cancelaci\u00f3n y revocaci\u00f3n del consentimiento para la cesi\u00f3n de sus datos en los t\u00e9rminos previstos en la referida Ley y dem\u00e1s normas que la desarrollan, as\u00ed como en lo dispuesto en la Ley de Servicios de la Sociedad de la Informaci\u00f3n y del Comercio Electr\u00f3nico (ley 34\/2002 de 11 de julio).<\/p>\n<p><strong>BODEGAS FAMILIARES DE RIOJA<\/strong> proporcionar\u00e1 a las personas registradas los recursos t\u00e9cnicos adecuados para que, con car\u00e1cter previo a la entrega de los datos personales, puedan acceder a este aviso sobre la Pol\u00edtica de Protecci\u00f3n de Datos de Car\u00e1cter Personal o a cualquier otra informaci\u00f3n relevante, y puedan prestar su consentimiento a fin de que <strong>BODEGAS FAMILIARES DE RIOJA<\/strong> proceda al tratamiento automatizado de los datos personales de las personas usuarias.<\/p>\n","protected":false},"excerpt":{"rendered":"<p>Clausulas Todos los derechos de propiedad industrial e intelectual del sitio web\u00a0WWW.BODEGASFAMILIARESDERIOJA.COM \u00a0y de sus contenidos (textos, im\u00e1genes, sonidos, audio, v\u00eddeo, dise\u00f1os, creatividades, software) pertenecen a la Asociaci\u00f3n para la Revitalizaci\u00f3n del Bilbao y no constituyen una fuente accesible al p\u00fablico dentro del \u00e1mbito de aplicaci\u00f3n del tratamiento de datos de car\u00e1cter personal. Garant\u00eda de protecci\u00f3n de datos personales BODEGAS FAMILIARES DE RIOJA asegura la m\u00e1s estricta confidencialidad en la recogida y tratamiento de los datos facilitados por sus usuarios. As\u00ed mismo se han adoptado los niveles de seguridad de protecci\u00f3n de los datos personales legalmente requeridos, y se han instalado todos los medios y medidas t\u00e9cnicas a su alcance para evitar la p\u00e9rdida, mal uso, alteraci\u00f3n, acceso no autorizado y robo de los datos personales facilitados. Los datos personales recogidos ser\u00e1n objeto de tratamiento automatizado e incorporados a los correspondientes ficheros automatizados por BODEGAS FAMILIARES DE RIOJA. Los datos facilitados ser\u00e1n empleados \u00fanicamente para las finalidades descritas en el propio formulario de suscripci\u00f3n. En cumplimiento de lo dispuesto en la Ley Org\u00e1nica 15\/99 del 13 de diciembre de 1999 sobre Protecci\u00f3n de Datos de Car\u00e1cter Personal (LOPD), la persona puede en todo momento ejercitar los derechos de acceso, rectificaci\u00f3n,<span class=\"excerpt-hellip\"> [\u2026]<\/span><\/p>\n","protected":false},"author":13,"featured_media":0,"parent":0,"menu_order":12,"comment_status":"closed","ping_status":"closed","template":"","meta":{"_acf_changed":false,"footnotes":""},"class_list":["post-480","page","type-page","status-publish","hentry"],"acf":[],"_links":{"self":[{"href":"https:\/\/bodegasderioja.com\/es\/wp-json\/wp\/v2\/pages\/480"}],"collection":[{"href":"https:\/\/bodegasderioja.com\/es\/wp-json\/wp\/v2\/pages"}],"about":[{"href":"https:\/\/bodegasderioja.com\/es\/wp-json\/wp\/v2\/types\/page"}],"author":[{"embeddable":true,"href":"https:\/\/bodegasderioja.com\/es\/wp-json\/wp\/v2\/users\/13"}],"replies":[{"embeddable":true,"href":"https:\/\/bodegasderioja.com\/es\/wp-json\/wp\/v2\/comments?post=480"}],"version-history":[{"count":0,"href":"https:\/\/bodegasderioja.com\/es\/wp-json\/wp\/v2\/pages\/480\/revisions"}],"wp:attachment":[{"href":"https:\/\/bodegasderioja.com\/es\/wp-json\/wp\/v2\/media?parent=480"}],"curies":[{"name":"wp","href":"https:\/\/api.w.org\/{rel}","templated":true}]}}